{"id":152,"date":"2014-03-27T15:14:26","date_gmt":"2014-03-27T14:14:26","guid":{"rendered":"http:\/\/schreibquelle.de\/?page_id=152"},"modified":"2014-03-27T15:14:26","modified_gmt":"2014-03-27T14:14:26","slug":"fruhling-fruhling-2","status":"publish","type":"page","link":"https:\/\/schreibquelle.de\/?page_id=152","title":{"rendered":"Fr\u00c3\u00bchling? Fr\u00c3\u00bchling!"},"content":{"rendered":"<p><a title=\"Fr\u00c3\u00bchling? Fr\u00c3\u00bchling\" href=\"http:\/\/schreibquelle.de\/?page_id=143\">mit dem Glockenschlag<\/a><\/p>\n<p><a title=\"Fr\u00c3\u00bchling? Fr\u00c3\u00bchling\" href=\"http:\/\/schreibquelle.de\/?page_id=143\">Fr\u00c3\u00bchjahrsbeginn<\/a><\/p>\n<p><a title=\"Fr\u00c3\u00bchling? Fr\u00c3\u00bchling\" href=\"http:\/\/schreibquelle.de\/?page_id=143\">laue L\u00c3\u00bcfte<\/a><\/p>\n<p><a title=\"Fr\u00c3\u00bchling? Fr\u00c3\u00bchling\" href=\"http:\/\/schreibquelle.de\/?page_id=143\">Knospen sprie\u00c3\u0178en<\/a><\/p>\n<p><a title=\"Fr\u00c3\u00bchling? Fr\u00c3\u00bchling\" href=\"http:\/\/schreibquelle.de\/?page_id=143\">Krokus, Tulpe und<\/a><\/p>\n<p><a title=\"Fr\u00c3\u00bchling? Fr\u00c3\u00bchling\" href=\"http:\/\/schreibquelle.de\/?page_id=143\">Narzisse<\/a><\/p>\n<p><a title=\"Fr\u00c3\u00bchling? Fr\u00c3\u00bchling\" href=\"http:\/\/schreibquelle.de\/?page_id=143\">sagt die Fr\u00c3\u00bchlings-<\/a><\/p>\n<p><a title=\"Fr\u00c3\u00bchling? Fr\u00c3\u00bchling\" href=\"http:\/\/schreibquelle.de\/?page_id=143\">sehnsucht \u00e2\u20ac\u201c eine<\/a><\/p>\n<p><a title=\"Fr\u00c3\u00bchling? Fr\u00c3\u00bchling\" href=\"http:\/\/schreibquelle.de\/?page_id=143\">Illusion<\/a><\/p>\n<p><a title=\"Fr\u00c3\u00bchling? Fr\u00c3\u00bchling\" href=\"http:\/\/schreibquelle.de\/?page_id=143\">\u00c2\u00a0<\/a><\/p>\n<p><a title=\"Fr\u00c3\u00bchling? Fr\u00c3\u00bchling\" href=\"http:\/\/schreibquelle.de\/?page_id=143\">Fr\u00c3\u00bchling meint<\/a><\/p>\n<p><a title=\"Fr\u00c3\u00bchling? Fr\u00c3\u00bchling\" href=\"http:\/\/schreibquelle.de\/?page_id=143\">Aufbruch<\/a><\/p>\n<p><a title=\"Fr\u00c3\u00bchling? Fr\u00c3\u00bchling\" href=\"http:\/\/schreibquelle.de\/?page_id=143\">Ver\u00c3\u00a4nderung<\/a><\/p>\n<p><a title=\"Fr\u00c3\u00bchling? Fr\u00c3\u00bchling\" href=\"http:\/\/schreibquelle.de\/?page_id=143\">Wechselspiel<\/a><\/p>\n<p><a title=\"Fr\u00c3\u00bchling? Fr\u00c3\u00bchling\" href=\"http:\/\/schreibquelle.de\/?page_id=143\">milder Mittag<\/a><\/p>\n<p><a title=\"Fr\u00c3\u00bchling? Fr\u00c3\u00bchling\" href=\"http:\/\/schreibquelle.de\/?page_id=143\">Frostn\u00c3\u00a4chte<\/a><\/p>\n<p><a title=\"Fr\u00c3\u00bchling? Fr\u00c3\u00bchling\" href=\"http:\/\/schreibquelle.de\/?page_id=143\">Regen Wind und Sturm<\/a><\/p>\n<p><a title=\"Fr\u00c3\u00bchling? Fr\u00c3\u00bchling\" href=\"http:\/\/schreibquelle.de\/?page_id=143\">dazwischen<\/a><\/p>\n<p><a title=\"Fr\u00c3\u00bchling? Fr\u00c3\u00bchling\" href=\"http:\/\/schreibquelle.de\/?page_id=143\">Farben<\/a><\/p>\n<p><a title=\"Fr\u00c3\u00bchling? Fr\u00c3\u00bchling\" href=\"http:\/\/schreibquelle.de\/?page_id=143\">D\u00c3\u00bcfte<\/a><\/p>\n<p><a title=\"Fr\u00c3\u00bchling? Fr\u00c3\u00bchling\" href=\"http:\/\/schreibquelle.de\/?page_id=143\">Sommersprossen<\/a><\/p>\n<p><a title=\"Fr\u00c3\u00bchling? Fr\u00c3\u00bchling\" href=\"http:\/\/schreibquelle.de\/?page_id=143\">laue L\u00c3\u00bcfte<\/a><\/p>\n","protected":false},"excerpt":{"rendered":"<p>mit dem Glockenschlag Fr\u00c3\u00bchjahrsbeginn laue L\u00c3\u00bcfte Knospen sprie\u00c3\u0178en Krokus, Tulpe und Narzisse sagt die Fr\u00c3\u00bchlings- sehnsucht \u00e2\u20ac\u201c eine Illusion \u00c2\u00a0 Fr\u00c3\u00bchling meint Aufbruch Ver\u00c3\u00a4nderung Wechselspiel milder Mittag Frostn\u00c3\u00a4chte Regen Wind und Sturm dazwischen Farben D\u00c3\u00bcfte Sommersprossen laue L\u00c3\u00bcfte<\/p>\n","protected":false},"author":2,"featured_media":0,"parent":0,"menu_order":0,"comment_status":"open","ping_status":"open","template":"","meta":[],"_links":{"self":[{"href":"https:\/\/schreibquelle.de\/index.php?rest_route=\/wp\/v2\/pages\/152"}],"collection":[{"href":"https:\/\/schreibquelle.de\/index.php?rest_route=\/wp\/v2\/pages"}],"about":[{"href":"https:\/\/schreibquelle.de\/index.php?rest_route=\/wp\/v2\/types\/page"}],"author":[{"embeddable":true,"href":"https:\/\/schreibquelle.de\/index.php?rest_route=\/wp\/v2\/users\/2"}],"replies":[{"embeddable":true,"href":"https:\/\/schreibquelle.de\/index.php?rest_route=%2Fwp%2Fv2%2Fcomments&post=152"}],"version-history":[{"count":1,"href":"https:\/\/schreibquelle.de\/index.php?rest_route=\/wp\/v2\/pages\/152\/revisions"}],"predecessor-version":[{"id":171,"href":"https:\/\/schreibquelle.de\/index.php?rest_route=\/wp\/v2\/pages\/152\/revisions\/171"}],"wp:attachment":[{"href":"https:\/\/schreibquelle.de\/index.php?rest_route=%2Fwp%2Fv2%2Fmedia&parent=152"}],"curies":[{"name":"wp","href":"https:\/\/api.w.org\/{rel}","templated":true}]}}